{"id":8321,"date":"2018-05-16T10:32:12","date_gmt":"2018-05-16T08:32:12","guid":{"rendered":"http:\/\/www.alspective.com\/?page_id=8321"},"modified":"2022-06-15T16:56:44","modified_gmt":"2022-06-15T14:56:44","slug":"mentions-legales","status":"publish","type":"page","link":"https:\/\/www.alspective.com\/en\/mentions-legales\/","title":{"rendered":"Legal Notice"},"content":{"rendered":"<p>[vc_row][vc_column][vc_column_text]<\/p>\n<p style=\"text-align: center;\"><span style=\"font-size: 24pt;\"><strong><span style=\"color: #059ac0;\">Mentions l\u00e9gales<\/span><\/strong><\/span><\/p>\n<p style=\"text-align: center;\"><span style=\"font-size: 14pt;\"> SAS au capital de 20.000 \u20ac<\/span><\/p>\n<p style=\"text-align: center;\"><span style=\"font-size: 14pt;\"> RCS Paris 809 981 426<\/span><\/p>\n<p style=\"text-align: center;\"><span style=\"font-size: 14pt;\"> N\u00b0 TVA intracommunautaire: FR 06 809 981 426<\/span><\/p>\n<p style=\"text-align: center;\"><span style=\"font-size: 14pt;\"><strong><span style=\"color: #059ac0;\"> Si\u00e8ge social :<\/span><\/strong> 23 rue de Choiseul &#8211; 75002 Paris<\/span><\/p>\n<p style=\"text-align: center;\"><span style=\"font-size: 14pt;\"><strong><span style=\"color: #059ac0;\"> T\u00e9l. standard :<\/span><\/strong> +33(0)1 70 22 45 00 <\/span><\/p>\n<p style=\"text-align: center;\"><span style=\"font-size: 14pt;\"><strong><span style=\"color: #059ac0;\">E-mail :\u00a0<\/span><\/strong>contact@alspective.com <\/span><\/p>\n<p style=\"text-align: center;\"><span style=\"font-size: 14pt;\"><strong><span style=\"color: #059ac0;\">Directeur de la r\u00e9daction :<\/span><\/strong> Albert Hiribarrondo<\/span><\/p>\n<p style=\"text-align: center;\"><span style=\"font-size: 14pt;\"><strong><span style=\"color: #059ac0;\"> H\u00e9bergeur :<\/span><\/strong> Soci\u00e9t\u00e9 LWS (Ligne Web Services)<\/span><\/p>\n<p style=\"text-align: center;\"><span style=\"font-size: 14pt;\"><strong><span style=\"color: #059ac0;\"> Adresse :<\/span><\/strong> 4 Rue Galvani 75838 Paris &#8211; Cedex 17 &#8211; FRANCE<\/span><\/p>\n<p>[\/vc_column_text][\/vc_column][\/vc_row]<\/p>\n","protected":false},"excerpt":{"rendered":"<p>[vc_row][vc_column][vc_column_text] Mentions l\u00e9gales SAS au capital de 20.000 \u20ac RCS Paris 809 981 426 N\u00b0 TVA intracommunautaire: FR 06 809 981 426 Si\u00e8ge social : 23 rue de Choiseul &#8211; 75002 Paris T\u00e9l. standard : +33(0)1 70 22 45 00 E-mail :\u00a0contact@alspective.com Directeur de la r\u00e9daction : Albert Hiribarrondo H\u00e9bergeur : Soci\u00e9t\u00e9 LWS (Ligne Web<\/p>\n","protected":false},"author":1,"featured_media":0,"parent":0,"menu_order":0,"comment_status":"closed","ping_status":"closed","template":"","meta":{"footnotes":""},"_links":{"self":[{"href":"https:\/\/www.alspective.com\/en\/wp-json\/wp\/v2\/pages\/8321"}],"collection":[{"href":"https:\/\/www.alspective.com\/en\/wp-json\/wp\/v2\/pages"}],"about":[{"href":"https:\/\/www.alspective.com\/en\/wp-json\/wp\/v2\/types\/page"}],"author":[{"embeddable":true,"href":"https:\/\/www.alspective.com\/en\/wp-json\/wp\/v2\/users\/1"}],"replies":[{"embeddable":true,"href":"https:\/\/www.alspective.com\/en\/wp-json\/wp\/v2\/comments?post=8321"}],"version-history":[{"count":13,"href":"https:\/\/www.alspective.com\/en\/wp-json\/wp\/v2\/pages\/8321\/revisions"}],"predecessor-version":[{"id":8975,"href":"https:\/\/www.alspective.com\/en\/wp-json\/wp\/v2\/pages\/8321\/revisions\/8975"}],"wp:attachment":[{"href":"https:\/\/www.alspective.com\/en\/wp-json\/wp\/v2\/media?parent=8321"}],"curies":[{"name":"wp","href":"https:\/\/api.w.org\/{rel}","templated":true}]}}